{"id":2474,"date":"2026-03-22T12:29:19","date_gmt":"2026-03-22T12:29:19","guid":{"rendered":"https:\/\/readyviajes.com\/?page_id=2474"},"modified":"2026-03-22T12:36:38","modified_gmt":"2026-03-22T12:36:38","slug":"malasia","status":"publish","type":"page","link":"https:\/\/readyviajes.com\/es\/malasia\/","title":{"rendered":"MALASIA"},"content":{"rendered":"\n\n<div class=\"kk-star-ratings kksr-auto kksr-align-left kksr-valign-top\"\n    data-payload='{&quot;align&quot;:&quot;left&quot;,&quot;id&quot;:&quot;2474&quot;,&quot;slug&quot;:&quot;default&quot;,&quot;valign&quot;:&quot;top&quot;,&quot;ignore&quot;:&quot;&quot;,&quot;reference&quot;:&quot;auto&quot;,&quot;class&quot;:&quot;&quot;,&quot;count&quot;:&quot;1&quot;,&quot;legendonly&quot;:&quot;&quot;,&quot;readonly&quot;:&quot;&quot;,&quot;score&quot;:&quot;5&quot;,&quot;starsonly&quot;:&quot;&quot;,&quot;best&quot;:&quot;5&quot;,&quot;gap&quot;:&quot;5&quot;,&quot;greet&quot;:&quot;Rate this page&quot;,&quot;legend&quot;:&quot;5\\\/5&quot;,&quot;size&quot;:&quot;24&quot;,&quot;title&quot;:&quot;MALASIA&quot;,&quot;width&quot;:&quot;142.5&quot;,&quot;_legend&quot;:&quot;{score}\\\/{best}&quot;,&quot;font_factor&quot;:&quot;1.25&quot;}'>\n            \n<div class=\"kksr-stars\">\n    \n<div class=\"kksr-stars-inactive\">\n            <div class=\"kksr-star\" data-star=\"1\" style=\"padding-right: 5px\">\n            \n\n<div class=\"kksr-icon\" style=\"width: 24px; height: 24px;\"><\/div>\n        <\/div>\n            <div class=\"kksr-star\" data-star=\"2\" style=\"padding-right: 5px\">\n            \n\n<div class=\"kksr-icon\" style=\"width: 24px; height: 24px;\"><\/div>\n        <\/div>\n            <div class=\"kksr-star\" data-star=\"3\" style=\"padding-right: 5px\">\n            \n\n<div class=\"kksr-icon\" style=\"width: 24px; height: 24px;\"><\/div>\n        <\/div>\n            <div class=\"kksr-star\" data-star=\"4\" style=\"padding-right: 5px\">\n            \n\n<div class=\"kksr-icon\" style=\"width: 24px; height: 24px;\"><\/div>\n        <\/div>\n            <div class=\"kksr-star\" data-star=\"5\" style=\"padding-right: 5px\">\n            \n\n<div class=\"kksr-icon\" style=\"width: 24px; height: 24px;\"><\/div>\n        <\/div>\n    <\/div>\n    \n<div class=\"kksr-stars-active\" style=\"width: 142.5px;\">\n            <div class=\"kksr-star\" style=\"padding-right: 5px\">\n            \n\n<div class=\"kksr-icon\" style=\"width: 24px; height: 24px;\"><\/div>\n        <\/div>\n            <div class=\"kksr-star\" style=\"padding-right: 5px\">\n            \n\n<div class=\"kksr-icon\" style=\"width: 24px; height: 24px;\"><\/div>\n        <\/div>\n            <div class=\"kksr-star\" style=\"padding-right: 5px\">\n            \n\n<div class=\"kksr-icon\" style=\"width: 24px; height: 24px;\"><\/div>\n        <\/div>\n            <div class=\"kksr-star\" style=\"padding-right: 5px\">\n            \n\n<div class=\"kksr-icon\" style=\"width: 24px; height: 24px;\"><\/div>\n        <\/div>\n            <div class=\"kksr-star\" style=\"padding-right: 5px\">\n            \n\n<div class=\"kksr-icon\" style=\"width: 24px; height: 24px;\"><\/div>\n        <\/div>\n    <\/div>\n<\/div>\n                \n\n<div class=\"kksr-legend\" style=\"font-size: 19.2px;\">\n            5\/5    <\/div>\n    <\/div>\n<p>[et_pb_section fb_built=&#8221;1&#8243; fullwidth=&#8221;on&#8221; _builder_version=&#8221;4.27.4&#8243; _module_preset=&#8221;default&#8221; background_image=&#8221;https:\/\/readyviajes.com\/wp-content\/uploads\/2024\/01\/Petronas-Twin-Towers-2.jpg&#8221; background_size=&#8221;cover&#8221; background_position=&#8221;center_center&#8221; use_background_color_gradient=&#8221;on&#8221; background_color_gradient_overlays_image=&#8221;on&#8221; background_color_gradient_direction=&#8221;180deg&#8221; background_color_gradient_stops=&#8221;#000000aa 0%|#00000066 50%|#00000022 100%&#8221; global_colors_info=&#8221;{}&#8221;][et_pb_fullwidth_header title=&#8221;MALASIA&#8221; subhead=&#8221;Kuala Lumpur \u00b7 Penang \u00b7 Langkawi \u00b7 Borneo&#8221; button_one_text=&#8221;VER TOURS&#8221; button_one_url=&#8221;\/contact\/&#8221; header_fullscreen=&#8221;on&#8221; background_overlay_color=&#8221;rgba(0,0,0,0)&#8221; _builder_version=&#8221;4.27.4&#8243; _module_preset=&#8221;default&#8221; title_text_color=&#8221;#ffffff&#8221; title_font_size=&#8221;72px&#8221; title_font_size_tablet=&#8221;48px&#8221; title_font_size_phone=&#8221;36px&#8221; title_line_height=&#8221;1.2em&#8221; subhead_text_color=&#8221;rgba(255,255,255,0.85)&#8221; subhead_font_size=&#8221;22px&#8221; subhead_font_size_tablet=&#8221;18px&#8221; subhead_font_size_phone=&#8221;16px&#8221; background_color=&#8221;rgba(0,0,0,0)&#8221; custom_button_one=&#8221;on&#8221; button_one_text_size=&#8221;17px&#8221; button_one_text_color=&#8221;#ffffff&#8221; button_one_bg_color=&#8221;#f3793b&#8221; button_one_border_width=&#8221;0px&#8221; button_one_border_color=&#8221;#f3793b&#8221; button_one_border_radius=&#8221;4px&#8221; button_one_letter_spacing=&#8221;2px&#8221; global_colors_info=&#8221;{}&#8221;][\/et_pb_fullwidth_header][\/et_pb_section][et_pb_section fb_built=&#8221;1&#8243; _builder_version=&#8221;4.27.4&#8243; _module_preset=&#8221;default&#8221; background_color=&#8221;#ffffff&#8221; custom_padding=&#8221;70px|0px|70px|0px&#8221; global_colors_info=&#8221;{}&#8221;][et_pb_row column_structure=&#8221;2_3,1_3&#8243; _builder_version=&#8221;4.27.4&#8243; _module_preset=&#8221;default&#8221; max_width=&#8221;1100px&#8221; global_colors_info=&#8221;{}&#8221;][et_pb_column type=&#8221;2_3&#8243; _builder_version=&#8221;4.27.4&#8243; _module_preset=&#8221;default&#8221; custom_padding=&#8221;0px|40px|0px|0px&#8221; global_colors_info=&#8221;{}&#8221;][et_pb_text _builder_version=&#8221;4.27.4&#8243; _module_preset=&#8221;default&#8221; text_font_size=&#8221;17px&#8221; text_line_height=&#8221;1.9em&#8221; text_text_color=&#8221;#444444&#8243; header_2_font_size=&#8221;36px&#8221; header_2_line_height=&#8221;1.3em&#8221; header_2_text_color=&#8221;#1a1a1a&#8221; global_colors_info=&#8221;{}&#8221;]<\/p>\n<h2>Malasia: Diversidad Natural y Cultural<\/h2>\n<p>Malasia es un destino que combina a la perfecci\u00f3n modernidad y naturaleza, tradici\u00f3n y cosmopolitismo. Kuala Lumpur, su capital, impresiona con las ic\u00f3nicas Torres Petronas, su mezcla de rascacielos modernos, mercados tradicionales y barrios hist\u00f3ricos llenos de vida. Penang, la &#8220;Perla de Oriente&#8221;, es reconocida como uno de los mejores destinos gastron\u00f3micos de Asia y cuenta con un fascinante casco hist\u00f3rico declarado Patrimonio de la Humanidad. Las playas de Langkawi ofrecen aguas turquesas y selva tropical exuberante, mientras que Borneo te invita a explorar la naturaleza m\u00e1s virgen del planeta, con orangutanes, selvas primarias y arrecifes de coral espectaculares.<\/p>\n<p>[\/et_pb_text][\/et_pb_column][et_pb_column type=&#8221;1_3&#8243; _builder_version=&#8221;4.27.4&#8243; _module_preset=&#8221;default&#8221; global_colors_info=&#8221;{}&#8221;][et_pb_text _builder_version=&#8221;4.27.4&#8243; _module_preset=&#8221;default&#8221; background_color=&#8221;#fdf5f0&#8243; custom_padding=&#8221;28px|28px|28px|28px&#8221; text_font_size=&#8221;16px&#8221; text_line_height=&#8221;1.8em&#8221; text_text_color=&#8221;#444444&#8243; header_3_font_size=&#8221;18px&#8221; header_3_text_color=&#8221;#f3793b&#8221; header_3_line_height=&#8221;1.4em&#8221; global_colors_info=&#8221;{}&#8221;]<\/p>\n<h3>\u00bfPor qu\u00e9 Malasia?<\/h3>\n<ul style=\"padding-left:18px;margin-top:12px\">\n<li style=\"margin-bottom:6px\">Torres Petronas en Kuala Lumpur<\/li>\n<li style=\"margin-bottom:6px\">Penang: gastronom\u00eda y cultura<\/li>\n<li style=\"margin-bottom:6px\">Playas paradis\u00edacas de Langkawi<\/li>\n<li style=\"margin-bottom:6px\">Borneo: orangutanes y selva virgen<\/li>\n<li style=\"margin-bottom:6px\">Batu Caves y templos hind\u00faes<\/li>\n<li style=\"margin-bottom:6px\">Georgetown: Patrimonio UNESCO<\/li>\n<\/ul>\n<p>[\/et_pb_text][\/et_pb_column][\/et_pb_row][\/et_pb_section][et_pb_section fb_built=&#8221;1&#8243; _builder_version=&#8221;4.27.4&#8243; _module_preset=&#8221;default&#8221; background_color=&#8221;#1a2332&#8243; custom_padding=&#8221;80px|0px|80px|0px&#8221; global_colors_info=&#8221;{}&#8221;][et_pb_row _builder_version=&#8221;4.27.4&#8243; _module_preset=&#8221;default&#8221; max_width=&#8221;800px&#8221; global_colors_info=&#8221;{}&#8221;][et_pb_column type=&#8221;4_4&#8243; _builder_version=&#8221;4.27.4&#8243; _module_preset=&#8221;default&#8221; global_colors_info=&#8221;{}&#8221;][et_pb_text _builder_version=&#8221;4.27.4&#8243; _module_preset=&#8221;default&#8221; text_text_color=&#8221;rgba(255,255,255,0.85)&#8221; header_2_text_color=&#8221;#ffffff&#8221; header_2_font_size=&#8221;36px&#8221; header_2_line_height=&#8221;1.3em&#8221; text_font_size=&#8221;18px&#8221; text_line_height=&#8221;1.7em&#8221; text_orientation=&#8221;center&#8221; global_colors_info=&#8221;{}&#8221;]<\/p>\n<h2>\u00bfListo para viajar a Malasia?<\/h2>\n<p>Desde las torres m\u00e1s altas de Asia hasta las playas m\u00e1s v\u00edrgenes de Borneo, te llevamos a descubrir toda la diversidad de Malasia.<\/p>\n<p>[\/et_pb_text][et_pb_button button_text=&#8221;CONT\u00c1CTANOS&#8221; button_url=&#8221;\/contact\/&#8221; button_alignment=&#8221;center&#8221; _builder_version=&#8221;4.27.4&#8243; custom_button=&#8221;on&#8221; button_text_size=&#8221;16px&#8221; button_text_color=&#8221;#ffffff&#8221; button_bg_color=&#8221;#f3793b&#8221; button_border_width=&#8221;0px&#8221; button_border_radius=&#8221;4px&#8221; button_letter_spacing=&#8221;2px&#8221; global_colors_info=&#8221;{}&#8221;][\/et_pb_button][\/et_pb_column][\/et_pb_row][\/et_pb_section]<\/p>\n","protected":false},"excerpt":{"rendered":"<p>Malasia: Diversidad Natural y CulturalMalasia es un destino que combina a la perfecci\u00f3n modernidad y naturaleza, tradici\u00f3n y cosmopolitismo. Kuala Lumpur, su capital, impresiona con las ic\u00f3nicas Torres Petronas, su mezcla de rascacielos modernos, mercados tradicionales y barrios hist\u00f3ricos llenos de vida. Penang, la &#8220;Perla de Oriente&#8221;, es reconocida como uno de los mejores destinos [&hellip;]<\/p>\n","protected":false},"author":1,"featured_media":0,"parent":0,"menu_order":0,"comment_status":"closed","ping_status":"closed","template":"","meta":{"_et_pb_use_builder":"on","_et_pb_old_content":"","_et_gb_content_width":"","footnotes":""},"class_list":["post-2474","page","type-page","status-publish","hentry"],"yoast_head":"<!-- This site is optimized with the Yoast SEO plugin v27.3 - https:\/\/yoast.com\/product\/yoast-seo-wordpress\/ -->\n<title>MALASIA - READY VIAJES<\/title>\n<meta name=\"robots\" content=\"index, follow, max-snippet:-1, max-image-preview:large, max-video-preview:-1\" \/>\n<link rel=\"canonical\" href=\"https:\/\/readyviajes.com\/es\/malasia\/\" \/>\n<meta property=\"og:locale\" content=\"es_ES\" \/>\n<meta property=\"og:type\" content=\"article\" \/>\n<meta property=\"og:title\" content=\"MALASIA - READY VIAJES\" \/>\n<meta property=\"og:description\" content=\"Malasia: Diversidad Natural y CulturalMalasia es un destino que combina a la perfecci\u00f3n modernidad y naturaleza, tradici\u00f3n y cosmopolitismo. Kuala Lumpur, su capital, impresiona con las ic\u00f3nicas Torres Petronas, su mezcla de rascacielos modernos, mercados tradicionales y barrios hist\u00f3ricos llenos de vida. Penang, la &quot;Perla de Oriente&quot;, es reconocida como uno de los mejores destinos [&hellip;]\" \/>\n<meta property=\"og:url\" content=\"https:\/\/readyviajes.com\/es\/malasia\/\" \/>\n<meta property=\"og:site_name\" content=\"READY VIAJES\" \/>\n<meta property=\"article:publisher\" content=\"https:\/\/www.facebook.com\/readyviajes\" \/>\n<meta property=\"article:modified_time\" content=\"2026-03-22T12:36:38+00:00\" \/>\n<meta name=\"twitter:card\" content=\"summary_large_image\" \/>\n<script type=\"application\/ld+json\" class=\"yoast-schema-graph\">{\"@context\":\"https:\\\/\\\/schema.org\",\"@graph\":[{\"@type\":\"WebPage\",\"@id\":\"https:\\\/\\\/readyviajes.com\\\/malasia\\\/\",\"url\":\"https:\\\/\\\/readyviajes.com\\\/malasia\\\/\",\"name\":\"MALASIA - READY VIAJES\",\"isPartOf\":{\"@id\":\"https:\\\/\\\/readyviajes.com\\\/#website\"},\"datePublished\":\"2026-03-22T12:29:19+00:00\",\"dateModified\":\"2026-03-22T12:36:38+00:00\",\"breadcrumb\":{\"@id\":\"https:\\\/\\\/readyviajes.com\\\/malasia\\\/#breadcrumb\"},\"inLanguage\":\"es\",\"potentialAction\":[{\"@type\":\"ReadAction\",\"target\":[\"https:\\\/\\\/readyviajes.com\\\/malasia\\\/\"]}]},{\"@type\":\"BreadcrumbList\",\"@id\":\"https:\\\/\\\/readyviajes.com\\\/malasia\\\/#breadcrumb\",\"itemListElement\":[{\"@type\":\"ListItem\",\"position\":1,\"name\":\"Portada\",\"item\":\"https:\\\/\\\/readyviajes.com\\\/\"},{\"@type\":\"ListItem\",\"position\":2,\"name\":\"MALASIA\"}]},{\"@type\":\"WebSite\",\"@id\":\"https:\\\/\\\/readyviajes.com\\\/#website\",\"url\":\"https:\\\/\\\/readyviajes.com\\\/\",\"name\":\"Ready Viajes\",\"description\":\"\",\"publisher\":{\"@id\":\"https:\\\/\\\/readyviajes.com\\\/#organization\"},\"potentialAction\":[{\"@type\":\"SearchAction\",\"target\":{\"@type\":\"EntryPoint\",\"urlTemplate\":\"https:\\\/\\\/readyviajes.com\\\/?s={search_term_string}\"},\"query-input\":{\"@type\":\"PropertyValueSpecification\",\"valueRequired\":true,\"valueName\":\"search_term_string\"}}],\"inLanguage\":\"es\"},{\"@type\":\"Organization\",\"@id\":\"https:\\\/\\\/readyviajes.com\\\/#organization\",\"name\":\"Ready Viajes\",\"url\":\"https:\\\/\\\/readyviajes.com\\\/\",\"logo\":{\"@type\":\"ImageObject\",\"inLanguage\":\"es\",\"@id\":\"https:\\\/\\\/readyviajes.com\\\/#\\\/schema\\\/logo\\\/image\\\/\",\"url\":\"https:\\\/\\\/readyviajes.com\\\/wp-content\\\/uploads\\\/2022\\\/12\\\/cropped-cropped-A-66405_UPS_RB_6-3-3.jpg\",\"contentUrl\":\"https:\\\/\\\/readyviajes.com\\\/wp-content\\\/uploads\\\/2022\\\/12\\\/cropped-cropped-A-66405_UPS_RB_6-3-3.jpg\",\"width\":1076,\"height\":704,\"caption\":\"Ready Viajes\"},\"image\":{\"@id\":\"https:\\\/\\\/readyviajes.com\\\/#\\\/schema\\\/logo\\\/image\\\/\"},\"sameAs\":[\"https:\\\/\\\/www.facebook.com\\\/readyviajes\",\"https:\\\/\\\/www.instagram.com\\\/readyviajes\\\/\"]}]}<\/script>\n<!-- \/ Yoast SEO plugin. -->","yoast_head_json":{"title":"MALASIA - READY VIAJES","robots":{"index":"index","follow":"follow","max-snippet":"max-snippet:-1","max-image-preview":"max-image-preview:large","max-video-preview":"max-video-preview:-1"},"canonical":"https:\/\/readyviajes.com\/es\/malasia\/","og_locale":"es_ES","og_type":"article","og_title":"MALASIA - READY VIAJES","og_description":"Malasia: Diversidad Natural y CulturalMalasia es un destino que combina a la perfecci\u00f3n modernidad y naturaleza, tradici\u00f3n y cosmopolitismo. Kuala Lumpur, su capital, impresiona con las ic\u00f3nicas Torres Petronas, su mezcla de rascacielos modernos, mercados tradicionales y barrios hist\u00f3ricos llenos de vida. Penang, la \"Perla de Oriente\", es reconocida como uno de los mejores destinos [&hellip;]","og_url":"https:\/\/readyviajes.com\/es\/malasia\/","og_site_name":"READY VIAJES","article_publisher":"https:\/\/www.facebook.com\/readyviajes","article_modified_time":"2026-03-22T12:36:38+00:00","twitter_card":"summary_large_image","schema":{"@context":"https:\/\/schema.org","@graph":[{"@type":"WebPage","@id":"https:\/\/readyviajes.com\/malasia\/","url":"https:\/\/readyviajes.com\/malasia\/","name":"MALASIA - READY VIAJES","isPartOf":{"@id":"https:\/\/readyviajes.com\/#website"},"datePublished":"2026-03-22T12:29:19+00:00","dateModified":"2026-03-22T12:36:38+00:00","breadcrumb":{"@id":"https:\/\/readyviajes.com\/malasia\/#breadcrumb"},"inLanguage":"es","potentialAction":[{"@type":"ReadAction","target":["https:\/\/readyviajes.com\/malasia\/"]}]},{"@type":"BreadcrumbList","@id":"https:\/\/readyviajes.com\/malasia\/#breadcrumb","itemListElement":[{"@type":"ListItem","position":1,"name":"Portada","item":"https:\/\/readyviajes.com\/"},{"@type":"ListItem","position":2,"name":"MALASIA"}]},{"@type":"WebSite","@id":"https:\/\/readyviajes.com\/#website","url":"https:\/\/readyviajes.com\/","name":"Ready Viajes","description":"","publisher":{"@id":"https:\/\/readyviajes.com\/#organization"},"potentialAction":[{"@type":"SearchAction","target":{"@type":"EntryPoint","urlTemplate":"https:\/\/readyviajes.com\/?s={search_term_string}"},"query-input":{"@type":"PropertyValueSpecification","valueRequired":true,"valueName":"search_term_string"}}],"inLanguage":"es"},{"@type":"Organization","@id":"https:\/\/readyviajes.com\/#organization","name":"Ready Viajes","url":"https:\/\/readyviajes.com\/","logo":{"@type":"ImageObject","inLanguage":"es","@id":"https:\/\/readyviajes.com\/#\/schema\/logo\/image\/","url":"https:\/\/readyviajes.com\/wp-content\/uploads\/2022\/12\/cropped-cropped-A-66405_UPS_RB_6-3-3.jpg","contentUrl":"https:\/\/readyviajes.com\/wp-content\/uploads\/2022\/12\/cropped-cropped-A-66405_UPS_RB_6-3-3.jpg","width":1076,"height":704,"caption":"Ready Viajes"},"image":{"@id":"https:\/\/readyviajes.com\/#\/schema\/logo\/image\/"},"sameAs":["https:\/\/www.facebook.com\/readyviajes","https:\/\/www.instagram.com\/readyviajes\/"]}]}},"_links":{"self":[{"href":"https:\/\/readyviajes.com\/es\/wp-json\/wp\/v2\/pages\/2474","targetHints":{"allow":["GET"]}}],"collection":[{"href":"https:\/\/readyviajes.com\/es\/wp-json\/wp\/v2\/pages"}],"about":[{"href":"https:\/\/readyviajes.com\/es\/wp-json\/wp\/v2\/types\/page"}],"author":[{"embeddable":true,"href":"https:\/\/readyviajes.com\/es\/wp-json\/wp\/v2\/users\/1"}],"replies":[{"embeddable":true,"href":"https:\/\/readyviajes.com\/es\/wp-json\/wp\/v2\/comments?post=2474"}],"version-history":[{"count":2,"href":"https:\/\/readyviajes.com\/es\/wp-json\/wp\/v2\/pages\/2474\/revisions"}],"predecessor-version":[{"id":3095,"href":"https:\/\/readyviajes.com\/es\/wp-json\/wp\/v2\/pages\/2474\/revisions\/3095"}],"wp:attachment":[{"href":"https:\/\/readyviajes.com\/es\/wp-json\/wp\/v2\/media?parent=2474"}],"curies":[{"name":"wp","href":"https:\/\/api.w.org\/{rel}","templated":true}]}}