{"id":3,"date":"2020-08-25T01:20:33","date_gmt":"2020-08-25T01:20:33","guid":{"rendered":"https:\/\/readyviajes.com\/?page_id=3"},"modified":"2024-06-14T08:06:08","modified_gmt":"2024-06-14T08:06:08","slug":"privacy-policy","status":"publish","type":"page","link":"https:\/\/readyviajes.com\/es\/privacy-policy\/","title":{"rendered":"POLITICA DE PRIVACIDAD"},"content":{"rendered":"<div class=\"kk-star-ratings kksr-auto kksr-align-left kksr-valign-top\"\n    data-payload='{&quot;align&quot;:&quot;left&quot;,&quot;id&quot;:&quot;3&quot;,&quot;slug&quot;:&quot;default&quot;,&quot;valign&quot;:&quot;top&quot;,&quot;ignore&quot;:&quot;&quot;,&quot;reference&quot;:&quot;auto&quot;,&quot;class&quot;:&quot;&quot;,&quot;count&quot;:&quot;1&quot;,&quot;legendonly&quot;:&quot;&quot;,&quot;readonly&quot;:&quot;&quot;,&quot;score&quot;:&quot;5&quot;,&quot;starsonly&quot;:&quot;&quot;,&quot;best&quot;:&quot;5&quot;,&quot;gap&quot;:&quot;5&quot;,&quot;greet&quot;:&quot;Rate this page&quot;,&quot;legend&quot;:&quot;5\\\/5&quot;,&quot;size&quot;:&quot;24&quot;,&quot;title&quot;:&quot;POLITICA DE PRIVACIDAD&quot;,&quot;width&quot;:&quot;142.5&quot;,&quot;_legend&quot;:&quot;{score}\\\/{best}&quot;,&quot;font_factor&quot;:&quot;1.25&quot;}'>\n            \n<div class=\"kksr-stars\">\n    \n<div class=\"kksr-stars-inactive\">\n            <div class=\"kksr-star\" data-star=\"1\" style=\"padding-right: 5px\">\n            \n\n<div class=\"kksr-icon\" style=\"width: 24px; height: 24px;\"><\/div>\n        <\/div>\n            <div class=\"kksr-star\" data-star=\"2\" style=\"padding-right: 5px\">\n            \n\n<div class=\"kksr-icon\" style=\"width: 24px; height: 24px;\"><\/div>\n        <\/div>\n            <div class=\"kksr-star\" data-star=\"3\" style=\"padding-right: 5px\">\n            \n\n<div class=\"kksr-icon\" style=\"width: 24px; height: 24px;\"><\/div>\n        <\/div>\n            <div class=\"kksr-star\" data-star=\"4\" style=\"padding-right: 5px\">\n            \n\n<div class=\"kksr-icon\" style=\"width: 24px; height: 24px;\"><\/div>\n        <\/div>\n            <div class=\"kksr-star\" data-star=\"5\" style=\"padding-right: 5px\">\n            \n\n<div class=\"kksr-icon\" style=\"width: 24px; height: 24px;\"><\/div>\n        <\/div>\n    <\/div>\n    \n<div class=\"kksr-stars-active\" style=\"width: 142.5px;\">\n            <div class=\"kksr-star\" style=\"padding-right: 5px\">\n            \n\n<div class=\"kksr-icon\" style=\"width: 24px; height: 24px;\"><\/div>\n        <\/div>\n            <div class=\"kksr-star\" style=\"padding-right: 5px\">\n            \n\n<div class=\"kksr-icon\" style=\"width: 24px; height: 24px;\"><\/div>\n        <\/div>\n            <div class=\"kksr-star\" style=\"padding-right: 5px\">\n            \n\n<div class=\"kksr-icon\" style=\"width: 24px; height: 24px;\"><\/div>\n        <\/div>\n            <div class=\"kksr-star\" style=\"padding-right: 5px\">\n            \n\n<div class=\"kksr-icon\" style=\"width: 24px; height: 24px;\"><\/div>\n        <\/div>\n            <div class=\"kksr-star\" style=\"padding-right: 5px\">\n            \n\n<div class=\"kksr-icon\" style=\"width: 24px; height: 24px;\"><\/div>\n        <\/div>\n    <\/div>\n<\/div>\n                \n\n<div class=\"kksr-legend\" style=\"font-size: 19.2px;\">\n            5\/5    <\/div>\n    <\/div>\n<p><img loading=\"lazy\" decoding=\"async\" class=\"alignnone size-medium wp-image-121\" src=\"https:\/\/readyviajes.com\/wp-content\/uploads\/2022\/12\/cropped-cropped-A-66405_UPS_RB_6-3-3-300x196.jpg\" alt=\"\" width=\"300\" height=\"196\" srcset=\"https:\/\/readyviajes.com\/wp-content\/uploads\/2022\/12\/cropped-cropped-A-66405_UPS_RB_6-3-3-300x196.jpg 300w, https:\/\/readyviajes.com\/wp-content\/uploads\/2022\/12\/cropped-cropped-A-66405_UPS_RB_6-3-3-600x393.jpg 600w, https:\/\/readyviajes.com\/wp-content\/uploads\/2022\/12\/cropped-cropped-A-66405_UPS_RB_6-3-3-1024x670.jpg 1024w, https:\/\/readyviajes.com\/wp-content\/uploads\/2022\/12\/cropped-cropped-A-66405_UPS_RB_6-3-3-768x502.jpg 768w, https:\/\/readyviajes.com\/wp-content\/uploads\/2022\/12\/cropped-cropped-A-66405_UPS_RB_6-3-3.jpg 1076w\" sizes=\"(max-width: 300px) 100vw, 300px\" \/><\/p>\n<p><strong>Pol\u00edtica de Privacidad<\/strong><\/p>\n<p>Esta Pol\u00edtica de Privacidad describe c\u00f3mo Ready Viajes (&#8220;nosotros,&#8221; &#8220;nos&#8221; o &#8220;nuestro&#8221;) recopila, utiliza y divulga informaci\u00f3n personal cuando visitas nuestro sitio web y utilizas nuestros servicios.<\/p>\n<p>Informaci\u00f3n que Recopilamos Informaci\u00f3n personal: Cuando realizas una reserva o creas una cuenta, podemos recopilar informaci\u00f3n personal como tu nombre, direcci\u00f3n de correo electr\u00f3nico, n\u00famero de tel\u00e9fono y detalles de pago. Informaci\u00f3n de uso: Podemos recopilar informaci\u00f3n sobre c\u00f3mo interact\u00faas con nuestro sitio web, incluida tu direcci\u00f3n IP, tipo de navegador, informaci\u00f3n del dispositivo y p\u00e1ginas visitadas. Cookies: Utilizamos cookies para mejorar tu experiencia en nuestro sitio web. Puedes gestionar tus preferencias de cookies a trav\u00e9s de la configuraci\u00f3n de tu navegador. Uso de la Informaci\u00f3n Personal Utilizamos la informaci\u00f3n personal para procesar reservas, proporcionar soporte al cliente y mejorar nuestros servicios. Podemos enviarte correos electr\u00f3nicos promocionales o boletines informativos, pero puedes optar por no recibirlos en cualquier momento. No vendemos ni compartimos tu informaci\u00f3n personal con terceros con fines de marketing directo. Retenci\u00f3n de Datos Retenemos la informaci\u00f3n personal durante el tiempo necesario para cumplir con los prop\u00f3sitos descritos en esta Pol\u00edtica de Privacidad, a menos que la ley exija un per\u00edodo de retenci\u00f3n m\u00e1s largo. Seguridad de los Datos Implementamos medidas de seguridad razonables para proteger la informaci\u00f3n personal contra el acceso o la divulgaci\u00f3n no autorizados. Tus Derechos Tienes derecho a acceder, corregir y eliminar tu informaci\u00f3n personal. Por favor, cont\u00e1ctanos si deseas ejercer estos derechos. Enlaces a Terceros Nuestro sitio web puede contener enlaces a sitios web de terceros. No somos responsables de las pr\u00e1cticas de privacidad o el contenido de esos sitios web. Privacidad de los Ni\u00f1os Nuestros servicios no est\u00e1n destinados a personas menores de 18 a\u00f1os. No recopilamos de manera consciente informaci\u00f3n personal de ni\u00f1os. Actualizaciones a esta Pol\u00edtica de Privacidad Podemos actualizar esta Pol\u00edtica de Privacidad de vez en cuando. La versi\u00f3n actualizada ser\u00e1 efectiva al ser publicada en nuestro sitio web. Cont\u00e1ctanos Si tienes alguna pregunta o inquietud acerca de esta Pol\u00edtica de Privacidad, por favor cont\u00e1ctanos en <a rel=\"noreferrer\">info@readyviajes.com<\/a><\/p>","protected":false},"excerpt":{"rendered":"<p>Pol\u00edtica de Privacidad Esta Pol\u00edtica de Privacidad describe c\u00f3mo Ready Viajes (&#8220;nosotros,&#8221; &#8220;nos&#8221; o &#8220;nuestro&#8221;) recopila, utiliza y divulga informaci\u00f3n personal cuando visitas nuestro sitio web y utilizas nuestros servicios. Informaci\u00f3n que Recopilamos Informaci\u00f3n personal: Cuando realizas una reserva o creas una cuenta, podemos recopilar informaci\u00f3n personal como tu nombre, direcci\u00f3n de correo electr\u00f3nico, n\u00famero [&hellip;]<\/p>\n","protected":false},"author":1,"featured_media":0,"parent":0,"menu_order":0,"comment_status":"closed","ping_status":"closed","template":"","meta":{"_et_pb_use_builder":"","_et_pb_old_content":"","_et_gb_content_width":"","footnotes":""},"class_list":["post-3","page","type-page","status-publish","hentry"],"yoast_head":"<!-- This site is optimized with the Yoast SEO plugin v27.4 - https:\/\/yoast.com\/product\/yoast-seo-wordpress\/ -->\n<title>POLITICA DE PRIVACIDAD - READY VIAJES<\/title>\n<meta name=\"robots\" content=\"index, follow, max-snippet:-1, max-image-preview:large, max-video-preview:-1\" \/>\n<link rel=\"canonical\" href=\"https:\/\/readyviajes.com\/es\/privacy-policy\/\" \/>\n<meta property=\"og:locale\" content=\"es_ES\" \/>\n<meta property=\"og:type\" content=\"article\" \/>\n<meta property=\"og:title\" content=\"POLITICA DE PRIVACIDAD - READY VIAJES\" \/>\n<meta property=\"og:description\" content=\"Pol\u00edtica de Privacidad Esta Pol\u00edtica de Privacidad describe c\u00f3mo Ready Viajes (&#8220;nosotros,&#8221; &#8220;nos&#8221; o &#8220;nuestro&#8221;) recopila, utiliza y divulga informaci\u00f3n personal cuando visitas nuestro sitio web y utilizas nuestros servicios. Informaci\u00f3n que Recopilamos Informaci\u00f3n personal: Cuando realizas una reserva o creas una cuenta, podemos recopilar informaci\u00f3n personal como tu nombre, direcci\u00f3n de correo electr\u00f3nico, n\u00famero [&hellip;]\" \/>\n<meta property=\"og:url\" content=\"https:\/\/readyviajes.com\/es\/privacy-policy\/\" \/>\n<meta property=\"og:site_name\" content=\"READY VIAJES\" \/>\n<meta property=\"article:publisher\" content=\"https:\/\/www.facebook.com\/readyviajes\" \/>\n<meta property=\"article:modified_time\" content=\"2024-06-14T08:06:08+00:00\" \/>\n<meta property=\"og:image\" content=\"https:\/\/readyviajes.com\/wp-content\/uploads\/2022\/12\/cropped-cropped-A-66405_UPS_RB_6-3-3-300x196.jpg\" \/>\n<meta name=\"twitter:card\" content=\"summary_large_image\" \/>\n<meta name=\"twitter:label1\" content=\"Tiempo de lectura\" \/>\n\t<meta name=\"twitter:data1\" content=\"2 minutos\" \/>\n<script type=\"application\/ld+json\" class=\"yoast-schema-graph\">{\"@context\":\"https:\\\/\\\/schema.org\",\"@graph\":[{\"@type\":\"WebPage\",\"@id\":\"https:\\\/\\\/readyviajes.com\\\/privacy-policy\\\/\",\"url\":\"https:\\\/\\\/readyviajes.com\\\/privacy-policy\\\/\",\"name\":\"POLITICA DE PRIVACIDAD - READY VIAJES\",\"isPartOf\":{\"@id\":\"https:\\\/\\\/readyviajes.com\\\/#website\"},\"primaryImageOfPage\":{\"@id\":\"https:\\\/\\\/readyviajes.com\\\/privacy-policy\\\/#primaryimage\"},\"image\":{\"@id\":\"https:\\\/\\\/readyviajes.com\\\/privacy-policy\\\/#primaryimage\"},\"thumbnailUrl\":\"https:\\\/\\\/readyviajes.com\\\/wp-content\\\/uploads\\\/2022\\\/12\\\/cropped-cropped-A-66405_UPS_RB_6-3-3-300x196.jpg\",\"datePublished\":\"2020-08-25T01:20:33+00:00\",\"dateModified\":\"2024-06-14T08:06:08+00:00\",\"breadcrumb\":{\"@id\":\"https:\\\/\\\/readyviajes.com\\\/privacy-policy\\\/#breadcrumb\"},\"inLanguage\":\"es\",\"potentialAction\":[{\"@type\":\"ReadAction\",\"target\":[\"https:\\\/\\\/readyviajes.com\\\/privacy-policy\\\/\"]}]},{\"@type\":\"ImageObject\",\"inLanguage\":\"es\",\"@id\":\"https:\\\/\\\/readyviajes.com\\\/privacy-policy\\\/#primaryimage\",\"url\":\"https:\\\/\\\/readyviajes.com\\\/wp-content\\\/uploads\\\/2022\\\/12\\\/cropped-cropped-A-66405_UPS_RB_6-3-3-300x196.jpg\",\"contentUrl\":\"https:\\\/\\\/readyviajes.com\\\/wp-content\\\/uploads\\\/2022\\\/12\\\/cropped-cropped-A-66405_UPS_RB_6-3-3-300x196.jpg\"},{\"@type\":\"BreadcrumbList\",\"@id\":\"https:\\\/\\\/readyviajes.com\\\/privacy-policy\\\/#breadcrumb\",\"itemListElement\":[{\"@type\":\"ListItem\",\"position\":1,\"name\":\"Portada\",\"item\":\"https:\\\/\\\/readyviajes.com\\\/\"},{\"@type\":\"ListItem\",\"position\":2,\"name\":\"POLITICA DE PRIVACIDAD\"}]},{\"@type\":\"WebSite\",\"@id\":\"https:\\\/\\\/readyviajes.com\\\/#website\",\"url\":\"https:\\\/\\\/readyviajes.com\\\/\",\"name\":\"Ready Viajes\",\"description\":\"\",\"publisher\":{\"@id\":\"https:\\\/\\\/readyviajes.com\\\/#organization\"},\"potentialAction\":[{\"@type\":\"SearchAction\",\"target\":{\"@type\":\"EntryPoint\",\"urlTemplate\":\"https:\\\/\\\/readyviajes.com\\\/?s={search_term_string}\"},\"query-input\":{\"@type\":\"PropertyValueSpecification\",\"valueRequired\":true,\"valueName\":\"search_term_string\"}}],\"inLanguage\":\"es\"},{\"@type\":\"Organization\",\"@id\":\"https:\\\/\\\/readyviajes.com\\\/#organization\",\"name\":\"Ready Viajes\",\"url\":\"https:\\\/\\\/readyviajes.com\\\/\",\"logo\":{\"@type\":\"ImageObject\",\"inLanguage\":\"es\",\"@id\":\"https:\\\/\\\/readyviajes.com\\\/#\\\/schema\\\/logo\\\/image\\\/\",\"url\":\"https:\\\/\\\/readyviajes.com\\\/wp-content\\\/uploads\\\/2022\\\/12\\\/cropped-cropped-A-66405_UPS_RB_6-3-3.jpg\",\"contentUrl\":\"https:\\\/\\\/readyviajes.com\\\/wp-content\\\/uploads\\\/2022\\\/12\\\/cropped-cropped-A-66405_UPS_RB_6-3-3.jpg\",\"width\":1076,\"height\":704,\"caption\":\"Ready Viajes\"},\"image\":{\"@id\":\"https:\\\/\\\/readyviajes.com\\\/#\\\/schema\\\/logo\\\/image\\\/\"},\"sameAs\":[\"https:\\\/\\\/www.facebook.com\\\/readyviajes\",\"https:\\\/\\\/www.instagram.com\\\/readyviajes\\\/\"]}]}<\/script>\n<!-- \/ Yoast SEO plugin. -->","yoast_head_json":{"title":"POLITICA DE PRIVACIDAD - READY VIAJES","robots":{"index":"index","follow":"follow","max-snippet":"max-snippet:-1","max-image-preview":"max-image-preview:large","max-video-preview":"max-video-preview:-1"},"canonical":"https:\/\/readyviajes.com\/es\/privacy-policy\/","og_locale":"es_ES","og_type":"article","og_title":"POLITICA DE PRIVACIDAD - READY VIAJES","og_description":"Pol\u00edtica de Privacidad Esta Pol\u00edtica de Privacidad describe c\u00f3mo Ready Viajes (&#8220;nosotros,&#8221; &#8220;nos&#8221; o &#8220;nuestro&#8221;) recopila, utiliza y divulga informaci\u00f3n personal cuando visitas nuestro sitio web y utilizas nuestros servicios. Informaci\u00f3n que Recopilamos Informaci\u00f3n personal: Cuando realizas una reserva o creas una cuenta, podemos recopilar informaci\u00f3n personal como tu nombre, direcci\u00f3n de correo electr\u00f3nico, n\u00famero [&hellip;]","og_url":"https:\/\/readyviajes.com\/es\/privacy-policy\/","og_site_name":"READY VIAJES","article_publisher":"https:\/\/www.facebook.com\/readyviajes","article_modified_time":"2024-06-14T08:06:08+00:00","og_image":[{"url":"https:\/\/readyviajes.com\/wp-content\/uploads\/2022\/12\/cropped-cropped-A-66405_UPS_RB_6-3-3-300x196.jpg","type":"","width":"","height":""}],"twitter_card":"summary_large_image","twitter_misc":{"Tiempo de lectura":"2 minutos"},"schema":{"@context":"https:\/\/schema.org","@graph":[{"@type":"WebPage","@id":"https:\/\/readyviajes.com\/privacy-policy\/","url":"https:\/\/readyviajes.com\/privacy-policy\/","name":"POLITICA DE PRIVACIDAD - READY VIAJES","isPartOf":{"@id":"https:\/\/readyviajes.com\/#website"},"primaryImageOfPage":{"@id":"https:\/\/readyviajes.com\/privacy-policy\/#primaryimage"},"image":{"@id":"https:\/\/readyviajes.com\/privacy-policy\/#primaryimage"},"thumbnailUrl":"https:\/\/readyviajes.com\/wp-content\/uploads\/2022\/12\/cropped-cropped-A-66405_UPS_RB_6-3-3-300x196.jpg","datePublished":"2020-08-25T01:20:33+00:00","dateModified":"2024-06-14T08:06:08+00:00","breadcrumb":{"@id":"https:\/\/readyviajes.com\/privacy-policy\/#breadcrumb"},"inLanguage":"es","potentialAction":[{"@type":"ReadAction","target":["https:\/\/readyviajes.com\/privacy-policy\/"]}]},{"@type":"ImageObject","inLanguage":"es","@id":"https:\/\/readyviajes.com\/privacy-policy\/#primaryimage","url":"https:\/\/readyviajes.com\/wp-content\/uploads\/2022\/12\/cropped-cropped-A-66405_UPS_RB_6-3-3-300x196.jpg","contentUrl":"https:\/\/readyviajes.com\/wp-content\/uploads\/2022\/12\/cropped-cropped-A-66405_UPS_RB_6-3-3-300x196.jpg"},{"@type":"BreadcrumbList","@id":"https:\/\/readyviajes.com\/privacy-policy\/#breadcrumb","itemListElement":[{"@type":"ListItem","position":1,"name":"Portada","item":"https:\/\/readyviajes.com\/"},{"@type":"ListItem","position":2,"name":"POLITICA DE PRIVACIDAD"}]},{"@type":"WebSite","@id":"https:\/\/readyviajes.com\/#website","url":"https:\/\/readyviajes.com\/","name":"Ready Viajes","description":"","publisher":{"@id":"https:\/\/readyviajes.com\/#organization"},"potentialAction":[{"@type":"SearchAction","target":{"@type":"EntryPoint","urlTemplate":"https:\/\/readyviajes.com\/?s={search_term_string}"},"query-input":{"@type":"PropertyValueSpecification","valueRequired":true,"valueName":"search_term_string"}}],"inLanguage":"es"},{"@type":"Organization","@id":"https:\/\/readyviajes.com\/#organization","name":"Ready Viajes","url":"https:\/\/readyviajes.com\/","logo":{"@type":"ImageObject","inLanguage":"es","@id":"https:\/\/readyviajes.com\/#\/schema\/logo\/image\/","url":"https:\/\/readyviajes.com\/wp-content\/uploads\/2022\/12\/cropped-cropped-A-66405_UPS_RB_6-3-3.jpg","contentUrl":"https:\/\/readyviajes.com\/wp-content\/uploads\/2022\/12\/cropped-cropped-A-66405_UPS_RB_6-3-3.jpg","width":1076,"height":704,"caption":"Ready Viajes"},"image":{"@id":"https:\/\/readyviajes.com\/#\/schema\/logo\/image\/"},"sameAs":["https:\/\/www.facebook.com\/readyviajes","https:\/\/www.instagram.com\/readyviajes\/"]}]}},"_links":{"self":[{"href":"https:\/\/readyviajes.com\/es\/wp-json\/wp\/v2\/pages\/3","targetHints":{"allow":["GET"]}}],"collection":[{"href":"https:\/\/readyviajes.com\/es\/wp-json\/wp\/v2\/pages"}],"about":[{"href":"https:\/\/readyviajes.com\/es\/wp-json\/wp\/v2\/types\/page"}],"author":[{"embeddable":true,"href":"https:\/\/readyviajes.com\/es\/wp-json\/wp\/v2\/users\/1"}],"replies":[{"embeddable":true,"href":"https:\/\/readyviajes.com\/es\/wp-json\/wp\/v2\/comments?post=3"}],"version-history":[{"count":2,"href":"https:\/\/readyviajes.com\/es\/wp-json\/wp\/v2\/pages\/3\/revisions"}],"predecessor-version":[{"id":2853,"href":"https:\/\/readyviajes.com\/es\/wp-json\/wp\/v2\/pages\/3\/revisions\/2853"}],"wp:attachment":[{"href":"https:\/\/readyviajes.com\/es\/wp-json\/wp\/v2\/media?parent=3"}],"curies":[{"name":"wp","href":"https:\/\/api.w.org\/{rel}","templated":true}]}}