{"id":418,"date":"2023-06-12T10:25:23","date_gmt":"2023-06-12T10:25:23","guid":{"rendered":"https:\/\/readyviajes.com\/?page_id=418"},"modified":"2025-11-27T10:33:21","modified_gmt":"2025-11-27T10:33:21","slug":"legal-note","status":"publish","type":"page","link":"https:\/\/readyviajes.com\/es\/legal-note\/","title":{"rendered":"NOTA LEGAL"},"content":{"rendered":"\n\n<div class=\"kk-star-ratings kksr-auto kksr-align-left kksr-valign-top\"\n    data-payload='{&quot;align&quot;:&quot;left&quot;,&quot;id&quot;:&quot;418&quot;,&quot;slug&quot;:&quot;default&quot;,&quot;valign&quot;:&quot;top&quot;,&quot;ignore&quot;:&quot;&quot;,&quot;reference&quot;:&quot;auto&quot;,&quot;class&quot;:&quot;&quot;,&quot;count&quot;:&quot;0&quot;,&quot;legendonly&quot;:&quot;&quot;,&quot;readonly&quot;:&quot;&quot;,&quot;score&quot;:&quot;0&quot;,&quot;starsonly&quot;:&quot;&quot;,&quot;best&quot;:&quot;5&quot;,&quot;gap&quot;:&quot;5&quot;,&quot;greet&quot;:&quot;Rate this page&quot;,&quot;legend&quot;:&quot;0\\\/5&quot;,&quot;size&quot;:&quot;24&quot;,&quot;title&quot;:&quot;NOTA LEGAL&quot;,&quot;width&quot;:&quot;0&quot;,&quot;_legend&quot;:&quot;{score}\\\/{best}&quot;,&quot;font_factor&quot;:&quot;1.25&quot;}'>\n            \n<div class=\"kksr-stars\">\n    \n<div class=\"kksr-stars-inactive\">\n            <div class=\"kksr-star\" data-star=\"1\" style=\"padding-right: 5px\">\n            \n\n<div class=\"kksr-icon\" style=\"width: 24px; height: 24px;\"><\/div>\n        <\/div>\n            <div class=\"kksr-star\" data-star=\"2\" style=\"padding-right: 5px\">\n            \n\n<div class=\"kksr-icon\" style=\"width: 24px; height: 24px;\"><\/div>\n        <\/div>\n            <div class=\"kksr-star\" data-star=\"3\" style=\"padding-right: 5px\">\n            \n\n<div class=\"kksr-icon\" style=\"width: 24px; height: 24px;\"><\/div>\n        <\/div>\n            <div class=\"kksr-star\" data-star=\"4\" style=\"padding-right: 5px\">\n            \n\n<div class=\"kksr-icon\" style=\"width: 24px; height: 24px;\"><\/div>\n        <\/div>\n            <div class=\"kksr-star\" data-star=\"5\" style=\"padding-right: 5px\">\n            \n\n<div class=\"kksr-icon\" style=\"width: 24px; height: 24px;\"><\/div>\n        <\/div>\n    <\/div>\n    \n<div class=\"kksr-stars-active\" style=\"width: 0px;\">\n            <div class=\"kksr-star\" style=\"padding-right: 5px\">\n            \n\n<div class=\"kksr-icon\" style=\"width: 24px; height: 24px;\"><\/div>\n        <\/div>\n            <div class=\"kksr-star\" style=\"padding-right: 5px\">\n            \n\n<div class=\"kksr-icon\" style=\"width: 24px; height: 24px;\"><\/div>\n        <\/div>\n            <div class=\"kksr-star\" style=\"padding-right: 5px\">\n            \n\n<div class=\"kksr-icon\" style=\"width: 24px; height: 24px;\"><\/div>\n        <\/div>\n            <div class=\"kksr-star\" style=\"padding-right: 5px\">\n            \n\n<div class=\"kksr-icon\" style=\"width: 24px; height: 24px;\"><\/div>\n        <\/div>\n            <div class=\"kksr-star\" style=\"padding-right: 5px\">\n            \n\n<div class=\"kksr-icon\" style=\"width: 24px; height: 24px;\"><\/div>\n        <\/div>\n    <\/div>\n<\/div>\n                \n\n<div class=\"kksr-legend\" style=\"font-size: 19.2px;\">\n            <span class=\"kksr-muted\">Rate this page<\/span>\n    <\/div>\n    <\/div>\n<div class=\"flex-shrink-0 flex flex-col relative items-end\">\n<div>\n<div class=\"pt-0.5 juice:pt-0\">\n<div class=\"gizmo-bot-avatar flex h-6 w-6 items-center justify-center overflow-hidden rounded-full juice:h-8 juice:w-8\">\n<div class=\"relative p-1 rounded-sm flex items-center justify-center bg-token-main-surface-primary text-token-text-primary h-8 w-8\"><\/div>\n<\/div>\n<\/div>\n<\/div>\n<\/div>\n<div class=\"group\/conversation-turn relative flex w-full min-w-0 flex-col agent-turn\">\n<div class=\"flex-col gap-1 md:gap-3\">\n<div class=\"flex flex-grow flex-col max-w-full\">\n<div class=\"min-h-[20px] text-message flex flex-col items-start whitespace-pre-wrap break-words [.text-message+&amp;]:mt-5 juice:w-full juice:items-end overflow-x-auto gap-2\" dir=\"auto\" data-message-author-role=\"assistant\" data-message-id=\"2a50a40d-a3d8-4604-a8e5-6b53b6e69c8d\">\n<div class=\"flex w-full flex-col gap-1 juice:empty:hidden juice:first:pt-[3px]\">\n<div class=\"markdown prose w-full break-words dark:prose-invert light\">\n<p><strong>Aviso Legal<\/strong><\/p>\n<p>Bienvenido al sitio web de Ready Viajes (<a href=\"https:\/\/readyviajes.com\/\" target=\"_new\" rel=\"noreferrer noopener\">https:\/\/readyviajes.com\/<\/a>). Al acceder o utilizar nuestro sitio web, aceptas cumplir y quedar vinculado por los siguientes t\u00e9rminos y condiciones establecidos en este aviso legal (el &#8220;Aviso&#8221;). Por favor, lee estos t\u00e9rminos cuidadosamente antes de usar nuestro sitio web.<\/p>\n<p>Propiedad e Propiedad Intelectual<\/p>\n<p>El sitio web, su contenido y todos los derechos de propiedad intelectual relacionados son propiedad de Ready Viajes. Esto incluye, entre otros, marcas comerciales, logotipos, texto, im\u00e1genes, videos y software. El uso no autorizado o la reproducci\u00f3n de cualquier contenido sin nuestro consentimiento previo por escrito est\u00e1 estrictamente prohibido.<\/p>\n<p>Uso del Sitio Web<\/p>\n<p>Puedes usar nuestro sitio web solo para fines personales y no comerciales. Aceptas no participar en ninguna actividad que pueda interrumpir o interferir con el funcionamiento adecuado del sitio web o su contenido.<\/p>\n<p>Enlaces a Sitios Web de Terceros<\/p>\n<p>Nuestro sitio web puede contener enlaces a sitios web de terceros para tu conveniencia. Sin embargo, no respaldamos ni controlamos el contenido, los servicios o las pr\u00e1cticas de privacidad de estos sitios web. Ready Viajes no es responsable de ning\u00fan da\u00f1o o p\u00e9rdida incurridos como resultado de tu uso de cualquier sitio web de terceros.<\/p>\n<p>Limitaci\u00f3n de Responsabilidad<\/p>\n<p>Ready Viajes se esfuerza por proporcionar informaci\u00f3n precisa y actualizada en el sitio web. Sin embargo, no garantizamos la precisi\u00f3n, integridad o confiabilidad de ning\u00fan contenido o informaci\u00f3n en el sitio web. Al usar el sitio web, aceptas que Ready Viajes no ser\u00e1 responsable por da\u00f1os directos, indirectos, incidentales, consecuentes o punitivos derivados de tu acceso o uso del sitio web.<\/p>\n<p>Pol\u00edtica de Privacidad<\/p>\n<p>Nuestra Pol\u00edtica de Privacidad explica c\u00f3mo recopilamos, utilizamos y protegemos la informaci\u00f3n personal en el sitio web. Al utilizar nuestro sitio web, aceptas la recopilaci\u00f3n y el uso de tu informaci\u00f3n personal seg\u00fan se describe en nuestra Pol\u00edtica de Privacidad.<\/p>\n<p>Modificaciones al Aviso<\/p>\n<p>Ready Viajes se reserva el derecho de modificar o actualizar este Aviso en cualquier momento sin previo aviso. Es tu responsabilidad revisar peri\u00f3dicamente este Aviso en busca de cambios. El uso continuado del sitio web despu\u00e9s de cualquier modificaci\u00f3n constituye tu aceptaci\u00f3n del Aviso revisado.<\/p>\n<p>Ley Aplicable y Jurisdicci\u00f3n<\/p>\n<p>Este Aviso se regir\u00e1 e interpretar\u00e1 de acuerdo con las leyes.<\/p>\n<p>Si tienes alguna pregunta o inquietud con respecto a este aviso legal, cont\u00e1ctanos en <a rel=\"noreferrer\">info@readyviajes.com<\/a><\/p>\n<\/div>\n<\/div>\n<\/div>\n<\/div>\n<\/div>\n<\/div>\n<p>&nbsp;<\/p>\n","protected":false},"excerpt":{"rendered":"<p>Aviso Legal Bienvenido al sitio web de Ready Viajes (https:\/\/readyviajes.com\/). Al acceder o utilizar nuestro sitio web, aceptas cumplir y quedar vinculado por los siguientes t\u00e9rminos y condiciones establecidos en este aviso legal (el &#8220;Aviso&#8221;). Por favor, lee estos t\u00e9rminos cuidadosamente antes de usar nuestro sitio web. Propiedad e Propiedad Intelectual El sitio web, su [&hellip;]<\/p>\n","protected":false},"author":1,"featured_media":0,"parent":0,"menu_order":0,"comment_status":"closed","ping_status":"closed","template":"","meta":{"_et_pb_use_builder":"","_et_pb_old_content":"","_et_gb_content_width":"","footnotes":""},"class_list":["post-418","page","type-page","status-publish","hentry"],"yoast_head":"<!-- This site is optimized with the Yoast SEO plugin v27.4 - https:\/\/yoast.com\/product\/yoast-seo-wordpress\/ -->\n<title>NOTA LEGAL - READY VIAJES<\/title>\n<meta name=\"description\" content=\"Legal NoticeWelcome to the Ready Viajes website (https:\/\/readyviajes.com\/). By accessing or using our Website, you agree to comply with...\" \/>\n<meta name=\"robots\" content=\"index, follow, max-snippet:-1, max-image-preview:large, max-video-preview:-1\" \/>\n<link rel=\"canonical\" href=\"https:\/\/readyviajes.com\/es\/legal-note\/\" \/>\n<meta property=\"og:locale\" content=\"es_ES\" \/>\n<meta property=\"og:type\" content=\"article\" \/>\n<meta property=\"og:title\" content=\"NOTA LEGAL - READY VIAJES\" \/>\n<meta property=\"og:description\" content=\"Legal NoticeWelcome to the Ready Viajes website (https:\/\/readyviajes.com\/). By accessing or using our Website, you agree to comply with...\" \/>\n<meta property=\"og:url\" content=\"https:\/\/readyviajes.com\/es\/legal-note\/\" \/>\n<meta property=\"og:site_name\" content=\"READY VIAJES\" \/>\n<meta property=\"article:publisher\" content=\"https:\/\/www.facebook.com\/readyviajes\" \/>\n<meta property=\"article:modified_time\" content=\"2025-11-27T10:33:21+00:00\" \/>\n<meta name=\"twitter:card\" content=\"summary_large_image\" \/>\n<meta name=\"twitter:label1\" content=\"Tiempo de lectura\" \/>\n\t<meta name=\"twitter:data1\" content=\"2 minutos\" \/>\n<script type=\"application\/ld+json\" class=\"yoast-schema-graph\">{\"@context\":\"https:\\\/\\\/schema.org\",\"@graph\":[{\"@type\":\"WebPage\",\"@id\":\"https:\\\/\\\/readyviajes.com\\\/legal-note\\\/\",\"url\":\"https:\\\/\\\/readyviajes.com\\\/legal-note\\\/\",\"name\":\"NOTA LEGAL - READY VIAJES\",\"isPartOf\":{\"@id\":\"https:\\\/\\\/readyviajes.com\\\/#website\"},\"datePublished\":\"2023-06-12T10:25:23+00:00\",\"dateModified\":\"2025-11-27T10:33:21+00:00\",\"description\":\"Legal NoticeWelcome to the Ready Viajes website (https:\\\/\\\/readyviajes.com\\\/). By accessing or using our Website, you agree to comply with...\",\"breadcrumb\":{\"@id\":\"https:\\\/\\\/readyviajes.com\\\/legal-note\\\/#breadcrumb\"},\"inLanguage\":\"es\",\"potentialAction\":[{\"@type\":\"ReadAction\",\"target\":[\"https:\\\/\\\/readyviajes.com\\\/legal-note\\\/\"]}]},{\"@type\":\"BreadcrumbList\",\"@id\":\"https:\\\/\\\/readyviajes.com\\\/legal-note\\\/#breadcrumb\",\"itemListElement\":[{\"@type\":\"ListItem\",\"position\":1,\"name\":\"Portada\",\"item\":\"https:\\\/\\\/readyviajes.com\\\/\"},{\"@type\":\"ListItem\",\"position\":2,\"name\":\"NOTA LEGAL\"}]},{\"@type\":\"WebSite\",\"@id\":\"https:\\\/\\\/readyviajes.com\\\/#website\",\"url\":\"https:\\\/\\\/readyviajes.com\\\/\",\"name\":\"Ready Viajes\",\"description\":\"\",\"publisher\":{\"@id\":\"https:\\\/\\\/readyviajes.com\\\/#organization\"},\"potentialAction\":[{\"@type\":\"SearchAction\",\"target\":{\"@type\":\"EntryPoint\",\"urlTemplate\":\"https:\\\/\\\/readyviajes.com\\\/?s={search_term_string}\"},\"query-input\":{\"@type\":\"PropertyValueSpecification\",\"valueRequired\":true,\"valueName\":\"search_term_string\"}}],\"inLanguage\":\"es\"},{\"@type\":\"Organization\",\"@id\":\"https:\\\/\\\/readyviajes.com\\\/#organization\",\"name\":\"Ready Viajes\",\"url\":\"https:\\\/\\\/readyviajes.com\\\/\",\"logo\":{\"@type\":\"ImageObject\",\"inLanguage\":\"es\",\"@id\":\"https:\\\/\\\/readyviajes.com\\\/#\\\/schema\\\/logo\\\/image\\\/\",\"url\":\"https:\\\/\\\/readyviajes.com\\\/wp-content\\\/uploads\\\/2022\\\/12\\\/cropped-cropped-A-66405_UPS_RB_6-3-3.jpg\",\"contentUrl\":\"https:\\\/\\\/readyviajes.com\\\/wp-content\\\/uploads\\\/2022\\\/12\\\/cropped-cropped-A-66405_UPS_RB_6-3-3.jpg\",\"width\":1076,\"height\":704,\"caption\":\"Ready Viajes\"},\"image\":{\"@id\":\"https:\\\/\\\/readyviajes.com\\\/#\\\/schema\\\/logo\\\/image\\\/\"},\"sameAs\":[\"https:\\\/\\\/www.facebook.com\\\/readyviajes\",\"https:\\\/\\\/www.instagram.com\\\/readyviajes\\\/\"]}]}<\/script>\n<!-- \/ Yoast SEO plugin. -->","yoast_head_json":{"title":"NOTA LEGAL - READY VIAJES","description":"Legal NoticeWelcome to the Ready Viajes website (https:\/\/readyviajes.com\/). By accessing or using our Website, you agree to comply with...","robots":{"index":"index","follow":"follow","max-snippet":"max-snippet:-1","max-image-preview":"max-image-preview:large","max-video-preview":"max-video-preview:-1"},"canonical":"https:\/\/readyviajes.com\/es\/legal-note\/","og_locale":"es_ES","og_type":"article","og_title":"NOTA LEGAL - READY VIAJES","og_description":"Legal NoticeWelcome to the Ready Viajes website (https:\/\/readyviajes.com\/). By accessing or using our Website, you agree to comply with...","og_url":"https:\/\/readyviajes.com\/es\/legal-note\/","og_site_name":"READY VIAJES","article_publisher":"https:\/\/www.facebook.com\/readyviajes","article_modified_time":"2025-11-27T10:33:21+00:00","twitter_card":"summary_large_image","twitter_misc":{"Tiempo de lectura":"2 minutos"},"schema":{"@context":"https:\/\/schema.org","@graph":[{"@type":"WebPage","@id":"https:\/\/readyviajes.com\/legal-note\/","url":"https:\/\/readyviajes.com\/legal-note\/","name":"NOTA LEGAL - READY VIAJES","isPartOf":{"@id":"https:\/\/readyviajes.com\/#website"},"datePublished":"2023-06-12T10:25:23+00:00","dateModified":"2025-11-27T10:33:21+00:00","description":"Legal NoticeWelcome to the Ready Viajes website (https:\/\/readyviajes.com\/). By accessing or using our Website, you agree to comply with...","breadcrumb":{"@id":"https:\/\/readyviajes.com\/legal-note\/#breadcrumb"},"inLanguage":"es","potentialAction":[{"@type":"ReadAction","target":["https:\/\/readyviajes.com\/legal-note\/"]}]},{"@type":"BreadcrumbList","@id":"https:\/\/readyviajes.com\/legal-note\/#breadcrumb","itemListElement":[{"@type":"ListItem","position":1,"name":"Portada","item":"https:\/\/readyviajes.com\/"},{"@type":"ListItem","position":2,"name":"NOTA LEGAL"}]},{"@type":"WebSite","@id":"https:\/\/readyviajes.com\/#website","url":"https:\/\/readyviajes.com\/","name":"Ready Viajes","description":"","publisher":{"@id":"https:\/\/readyviajes.com\/#organization"},"potentialAction":[{"@type":"SearchAction","target":{"@type":"EntryPoint","urlTemplate":"https:\/\/readyviajes.com\/?s={search_term_string}"},"query-input":{"@type":"PropertyValueSpecification","valueRequired":true,"valueName":"search_term_string"}}],"inLanguage":"es"},{"@type":"Organization","@id":"https:\/\/readyviajes.com\/#organization","name":"Ready Viajes","url":"https:\/\/readyviajes.com\/","logo":{"@type":"ImageObject","inLanguage":"es","@id":"https:\/\/readyviajes.com\/#\/schema\/logo\/image\/","url":"https:\/\/readyviajes.com\/wp-content\/uploads\/2022\/12\/cropped-cropped-A-66405_UPS_RB_6-3-3.jpg","contentUrl":"https:\/\/readyviajes.com\/wp-content\/uploads\/2022\/12\/cropped-cropped-A-66405_UPS_RB_6-3-3.jpg","width":1076,"height":704,"caption":"Ready Viajes"},"image":{"@id":"https:\/\/readyviajes.com\/#\/schema\/logo\/image\/"},"sameAs":["https:\/\/www.facebook.com\/readyviajes","https:\/\/www.instagram.com\/readyviajes\/"]}]}},"_links":{"self":[{"href":"https:\/\/readyviajes.com\/es\/wp-json\/wp\/v2\/pages\/418","targetHints":{"allow":["GET"]}}],"collection":[{"href":"https:\/\/readyviajes.com\/es\/wp-json\/wp\/v2\/pages"}],"about":[{"href":"https:\/\/readyviajes.com\/es\/wp-json\/wp\/v2\/types\/page"}],"author":[{"embeddable":true,"href":"https:\/\/readyviajes.com\/es\/wp-json\/wp\/v2\/users\/1"}],"replies":[{"embeddable":true,"href":"https:\/\/readyviajes.com\/es\/wp-json\/wp\/v2\/comments?post=418"}],"version-history":[{"count":2,"href":"https:\/\/readyviajes.com\/es\/wp-json\/wp\/v2\/pages\/418\/revisions"}],"predecessor-version":[{"id":3073,"href":"https:\/\/readyviajes.com\/es\/wp-json\/wp\/v2\/pages\/418\/revisions\/3073"}],"wp:attachment":[{"href":"https:\/\/readyviajes.com\/es\/wp-json\/wp\/v2\/media?parent=418"}],"curies":[{"name":"wp","href":"https:\/\/api.w.org\/{rel}","templated":true}]}}