{"id":420,"date":"2023-06-12T10:28:16","date_gmt":"2023-06-12T10:28:16","guid":{"rendered":"https:\/\/readyviajes.com\/?page_id=420"},"modified":"2024-06-14T08:09:02","modified_gmt":"2024-06-14T08:09:02","slug":"cookies-policy","status":"publish","type":"page","link":"https:\/\/readyviajes.com\/es\/cookies-policy\/","title":{"rendered":"Pol\u00edtica de Cookies"},"content":{"rendered":"\n\n<div class=\"kk-star-ratings kksr-auto kksr-align-left kksr-valign-top\"\n    data-payload='{&quot;align&quot;:&quot;left&quot;,&quot;id&quot;:&quot;420&quot;,&quot;slug&quot;:&quot;default&quot;,&quot;valign&quot;:&quot;top&quot;,&quot;ignore&quot;:&quot;&quot;,&quot;reference&quot;:&quot;auto&quot;,&quot;class&quot;:&quot;&quot;,&quot;count&quot;:&quot;0&quot;,&quot;legendonly&quot;:&quot;&quot;,&quot;readonly&quot;:&quot;&quot;,&quot;score&quot;:&quot;0&quot;,&quot;starsonly&quot;:&quot;&quot;,&quot;best&quot;:&quot;5&quot;,&quot;gap&quot;:&quot;5&quot;,&quot;greet&quot;:&quot;Rate this page&quot;,&quot;legend&quot;:&quot;0\\\/5&quot;,&quot;size&quot;:&quot;24&quot;,&quot;title&quot;:&quot;Pol\u00edtica de Cookies&quot;,&quot;width&quot;:&quot;0&quot;,&quot;_legend&quot;:&quot;{score}\\\/{best}&quot;,&quot;font_factor&quot;:&quot;1.25&quot;}'>\n            \n<div class=\"kksr-stars\">\n    \n<div class=\"kksr-stars-inactive\">\n            <div class=\"kksr-star\" data-star=\"1\" style=\"padding-right: 5px\">\n            \n\n<div class=\"kksr-icon\" style=\"width: 24px; height: 24px;\"><\/div>\n        <\/div>\n            <div class=\"kksr-star\" data-star=\"2\" style=\"padding-right: 5px\">\n            \n\n<div class=\"kksr-icon\" style=\"width: 24px; height: 24px;\"><\/div>\n        <\/div>\n            <div class=\"kksr-star\" data-star=\"3\" style=\"padding-right: 5px\">\n            \n\n<div class=\"kksr-icon\" style=\"width: 24px; height: 24px;\"><\/div>\n        <\/div>\n            <div class=\"kksr-star\" data-star=\"4\" style=\"padding-right: 5px\">\n            \n\n<div class=\"kksr-icon\" style=\"width: 24px; height: 24px;\"><\/div>\n        <\/div>\n            <div class=\"kksr-star\" data-star=\"5\" style=\"padding-right: 5px\">\n            \n\n<div class=\"kksr-icon\" style=\"width: 24px; height: 24px;\"><\/div>\n        <\/div>\n    <\/div>\n    \n<div class=\"kksr-stars-active\" style=\"width: 0px;\">\n            <div class=\"kksr-star\" style=\"padding-right: 5px\">\n            \n\n<div class=\"kksr-icon\" style=\"width: 24px; height: 24px;\"><\/div>\n        <\/div>\n            <div class=\"kksr-star\" style=\"padding-right: 5px\">\n            \n\n<div class=\"kksr-icon\" style=\"width: 24px; height: 24px;\"><\/div>\n        <\/div>\n            <div class=\"kksr-star\" style=\"padding-right: 5px\">\n            \n\n<div class=\"kksr-icon\" style=\"width: 24px; height: 24px;\"><\/div>\n        <\/div>\n            <div class=\"kksr-star\" style=\"padding-right: 5px\">\n            \n\n<div class=\"kksr-icon\" style=\"width: 24px; height: 24px;\"><\/div>\n        <\/div>\n            <div class=\"kksr-star\" style=\"padding-right: 5px\">\n            \n\n<div class=\"kksr-icon\" style=\"width: 24px; height: 24px;\"><\/div>\n        <\/div>\n    <\/div>\n<\/div>\n                \n\n<div class=\"kksr-legend\" style=\"font-size: 19.2px;\">\n            <span class=\"kksr-muted\">Rate this page<\/span>\n    <\/div>\n    <\/div>\n<div class=\"flex flex-grow flex-col max-w-full\">\n<div class=\"min-h-[20px] text-message flex flex-col items-start whitespace-pre-wrap break-words [.text-message+&amp;]:mt-5 juice:w-full juice:items-end overflow-x-auto gap-2\" dir=\"auto\" data-message-author-role=\"assistant\" data-message-id=\"11b9b822-066f-47ab-b72e-0281bcaf89a3\">\n<div class=\"flex w-full flex-col gap-1 juice:empty:hidden juice:first:pt-[3px]\">\n<div class=\"markdown prose w-full break-words dark:prose-invert light\">\n<p><strong>Pol\u00edtica de Cookies<\/strong><\/p>\n<p>Esta Pol\u00edtica de Cookies explica c\u00f3mo Ready Viajes (&#8220;nosotros,&#8221; &#8220;nos&#8221; o &#8220;nuestro&#8221;) utiliza cookies y tecnolog\u00edas de seguimiento similares en el sitio web de Ready Viajes (el &#8220;Sitio Web&#8221;). Al utilizar el Sitio Web, aceptas el uso de cookies seg\u00fan se describe en esta pol\u00edtica.<\/p>\n<p>\u00bfQu\u00e9 son las Cookies?<\/p>\n<p>Las cookies son peque\u00f1os archivos de texto que se colocan en tu dispositivo (por ejemplo, computadora, tel\u00e9fono inteligente) cuando visitas el Sitio Web. Nos ayudan a mejorar tu experiencia de navegaci\u00f3n y nos proporcionan informaci\u00f3n sobre c\u00f3mo interact\u00faas con nuestro Sitio Web.<\/p>\n<p>Tipos de Cookies que Utilizamos<\/p>\n<ol>\n<li>Cookies estrictamente necesarias: Estas cookies son esenciales para el funcionamiento del Sitio Web y te permiten navegar y utilizar sus funciones.<\/li>\n<li>Cookies anal\u00edticas\/de rendimiento: Estas cookies recopilan informaci\u00f3n an\u00f3nima sobre c\u00f3mo los visitantes utilizan el Sitio Web, como el n\u00famero de visitantes, las p\u00e1ginas visitadas y las fuentes de tr\u00e1fico. Utilizamos esta informaci\u00f3n para mejorar el rendimiento y la funcionalidad del Sitio Web.<\/li>\n<li>Cookies de funcionalidad: Estas cookies permiten que el Sitio Web recuerde las opciones que haces (por ejemplo, preferencia de idioma) y proporcionan funciones mejoradas para personalizar tu experiencia.<\/li>\n<li>Cookies de publicidad\/dirigidas: Estas cookies se utilizan para mostrar anuncios relevantes para ti basados en tus intereses. Tambi\u00e9n nos ayudan a medir la efectividad de nuestras campa\u00f1as publicitarias.<\/li>\n<\/ol>\n<p>Cookies de Terceros<\/p>\n<p>Podemos permitir que proveedores de servicios de terceros coloquen cookies en el Sitio Web para ayudarnos a analizar y mejorar nuestros servicios. Estos proveedores pueden tener acceso a la informaci\u00f3n recopilada por sus cookies.<\/p>\n<p>Gesti\u00f3n de Cookies<\/p>\n<p>Puedes gestionar o desactivar las cookies ajustando la configuraci\u00f3n de tu navegador. Sin embargo, ten en cuenta que desactivar las cookies puede afectar tu capacidad para acceder a ciertas caracter\u00edsticas o funcionalidades del Sitio Web.<\/p>\n<p>Actualizaciones a la Pol\u00edtica de Cookies<\/p>\n<p>Podemos actualizar esta Pol\u00edtica de Cookies de vez en cuando. La versi\u00f3n actualizada ser\u00e1 efectiva al ser publicada en el Sitio Web.<\/p>\n<p>Cont\u00e1ctanos<\/p>\n<p>Si tienes alguna pregunta o inquietud sobre nuestro uso de cookies, por favor cont\u00e1ctanos en <a rel=\"noreferrer\">info@readyviajes.com<\/a><\/p>\n<\/div>\n<\/div>\n<\/div>\n<\/div>\n<div class=\"mt-1 flex gap-3 empty:hidden juice:-ml-3\">\n<div class=\"items-center justify-start rounded-xl p-1 flex\">\n<div class=\"flex items-center\"><\/div>\n<\/div>\n<\/div>\n","protected":false},"excerpt":{"rendered":"<p>Pol\u00edtica de Cookies Esta Pol\u00edtica de Cookies explica c\u00f3mo Ready Viajes (&#8220;nosotros,&#8221; &#8220;nos&#8221; o &#8220;nuestro&#8221;) utiliza cookies y tecnolog\u00edas de seguimiento similares en el sitio web de Ready Viajes (el &#8220;Sitio Web&#8221;). Al utilizar el Sitio Web, aceptas el uso de cookies seg\u00fan se describe en esta pol\u00edtica. \u00bfQu\u00e9 son las Cookies? Las cookies son [&hellip;]<\/p>\n","protected":false},"author":1,"featured_media":0,"parent":0,"menu_order":0,"comment_status":"closed","ping_status":"closed","template":"","meta":{"_et_pb_use_builder":"","_et_pb_old_content":"","_et_gb_content_width":"","footnotes":""},"class_list":["post-420","page","type-page","status-publish","hentry"],"yoast_head":"<!-- This site is optimized with the Yoast SEO plugin v27.4 - https:\/\/yoast.com\/product\/yoast-seo-wordpress\/ -->\n<title>Pol\u00edtica de Cookies - READY VIAJES<\/title>\n<meta name=\"robots\" content=\"index, follow, max-snippet:-1, max-image-preview:large, max-video-preview:-1\" \/>\n<link rel=\"canonical\" href=\"https:\/\/readyviajes.com\/es\/cookies-policy\/\" \/>\n<meta property=\"og:locale\" content=\"es_ES\" \/>\n<meta property=\"og:type\" content=\"article\" \/>\n<meta property=\"og:title\" content=\"Pol\u00edtica de Cookies - READY VIAJES\" \/>\n<meta property=\"og:description\" content=\"Pol\u00edtica de Cookies Esta Pol\u00edtica de Cookies explica c\u00f3mo Ready Viajes (&#8220;nosotros,&#8221; &#8220;nos&#8221; o &#8220;nuestro&#8221;) utiliza cookies y tecnolog\u00edas de seguimiento similares en el sitio web de Ready Viajes (el &#8220;Sitio Web&#8221;). Al utilizar el Sitio Web, aceptas el uso de cookies seg\u00fan se describe en esta pol\u00edtica. \u00bfQu\u00e9 son las Cookies? Las cookies son [&hellip;]\" \/>\n<meta property=\"og:url\" content=\"https:\/\/readyviajes.com\/es\/cookies-policy\/\" \/>\n<meta property=\"og:site_name\" content=\"READY VIAJES\" \/>\n<meta property=\"article:publisher\" content=\"https:\/\/www.facebook.com\/readyviajes\" \/>\n<meta property=\"article:modified_time\" content=\"2024-06-14T08:09:02+00:00\" \/>\n<meta name=\"twitter:card\" content=\"summary_large_image\" \/>\n<meta name=\"twitter:label1\" content=\"Tiempo de lectura\" \/>\n\t<meta name=\"twitter:data1\" content=\"2 minutos\" \/>\n<script type=\"application\/ld+json\" class=\"yoast-schema-graph\">{\"@context\":\"https:\\\/\\\/schema.org\",\"@graph\":[{\"@type\":\"WebPage\",\"@id\":\"https:\\\/\\\/readyviajes.com\\\/cookies-policy\\\/\",\"url\":\"https:\\\/\\\/readyviajes.com\\\/cookies-policy\\\/\",\"name\":\"Pol\u00edtica de Cookies - READY VIAJES\",\"isPartOf\":{\"@id\":\"https:\\\/\\\/readyviajes.com\\\/#website\"},\"datePublished\":\"2023-06-12T10:28:16+00:00\",\"dateModified\":\"2024-06-14T08:09:02+00:00\",\"breadcrumb\":{\"@id\":\"https:\\\/\\\/readyviajes.com\\\/cookies-policy\\\/#breadcrumb\"},\"inLanguage\":\"es\",\"potentialAction\":[{\"@type\":\"ReadAction\",\"target\":[\"https:\\\/\\\/readyviajes.com\\\/cookies-policy\\\/\"]}]},{\"@type\":\"BreadcrumbList\",\"@id\":\"https:\\\/\\\/readyviajes.com\\\/cookies-policy\\\/#breadcrumb\",\"itemListElement\":[{\"@type\":\"ListItem\",\"position\":1,\"name\":\"Portada\",\"item\":\"https:\\\/\\\/readyviajes.com\\\/\"},{\"@type\":\"ListItem\",\"position\":2,\"name\":\"Pol\u00edtica de Cookies\"}]},{\"@type\":\"WebSite\",\"@id\":\"https:\\\/\\\/readyviajes.com\\\/#website\",\"url\":\"https:\\\/\\\/readyviajes.com\\\/\",\"name\":\"Ready Viajes\",\"description\":\"\",\"publisher\":{\"@id\":\"https:\\\/\\\/readyviajes.com\\\/#organization\"},\"potentialAction\":[{\"@type\":\"SearchAction\",\"target\":{\"@type\":\"EntryPoint\",\"urlTemplate\":\"https:\\\/\\\/readyviajes.com\\\/?s={search_term_string}\"},\"query-input\":{\"@type\":\"PropertyValueSpecification\",\"valueRequired\":true,\"valueName\":\"search_term_string\"}}],\"inLanguage\":\"es\"},{\"@type\":\"Organization\",\"@id\":\"https:\\\/\\\/readyviajes.com\\\/#organization\",\"name\":\"Ready Viajes\",\"url\":\"https:\\\/\\\/readyviajes.com\\\/\",\"logo\":{\"@type\":\"ImageObject\",\"inLanguage\":\"es\",\"@id\":\"https:\\\/\\\/readyviajes.com\\\/#\\\/schema\\\/logo\\\/image\\\/\",\"url\":\"https:\\\/\\\/readyviajes.com\\\/wp-content\\\/uploads\\\/2022\\\/12\\\/cropped-cropped-A-66405_UPS_RB_6-3-3.jpg\",\"contentUrl\":\"https:\\\/\\\/readyviajes.com\\\/wp-content\\\/uploads\\\/2022\\\/12\\\/cropped-cropped-A-66405_UPS_RB_6-3-3.jpg\",\"width\":1076,\"height\":704,\"caption\":\"Ready Viajes\"},\"image\":{\"@id\":\"https:\\\/\\\/readyviajes.com\\\/#\\\/schema\\\/logo\\\/image\\\/\"},\"sameAs\":[\"https:\\\/\\\/www.facebook.com\\\/readyviajes\",\"https:\\\/\\\/www.instagram.com\\\/readyviajes\\\/\"]}]}<\/script>\n<!-- \/ Yoast SEO plugin. -->","yoast_head_json":{"title":"Pol\u00edtica de Cookies - READY VIAJES","robots":{"index":"index","follow":"follow","max-snippet":"max-snippet:-1","max-image-preview":"max-image-preview:large","max-video-preview":"max-video-preview:-1"},"canonical":"https:\/\/readyviajes.com\/es\/cookies-policy\/","og_locale":"es_ES","og_type":"article","og_title":"Pol\u00edtica de Cookies - READY VIAJES","og_description":"Pol\u00edtica de Cookies Esta Pol\u00edtica de Cookies explica c\u00f3mo Ready Viajes (&#8220;nosotros,&#8221; &#8220;nos&#8221; o &#8220;nuestro&#8221;) utiliza cookies y tecnolog\u00edas de seguimiento similares en el sitio web de Ready Viajes (el &#8220;Sitio Web&#8221;). Al utilizar el Sitio Web, aceptas el uso de cookies seg\u00fan se describe en esta pol\u00edtica. \u00bfQu\u00e9 son las Cookies? Las cookies son [&hellip;]","og_url":"https:\/\/readyviajes.com\/es\/cookies-policy\/","og_site_name":"READY VIAJES","article_publisher":"https:\/\/www.facebook.com\/readyviajes","article_modified_time":"2024-06-14T08:09:02+00:00","twitter_card":"summary_large_image","twitter_misc":{"Tiempo de lectura":"2 minutos"},"schema":{"@context":"https:\/\/schema.org","@graph":[{"@type":"WebPage","@id":"https:\/\/readyviajes.com\/cookies-policy\/","url":"https:\/\/readyviajes.com\/cookies-policy\/","name":"Pol\u00edtica de Cookies - READY VIAJES","isPartOf":{"@id":"https:\/\/readyviajes.com\/#website"},"datePublished":"2023-06-12T10:28:16+00:00","dateModified":"2024-06-14T08:09:02+00:00","breadcrumb":{"@id":"https:\/\/readyviajes.com\/cookies-policy\/#breadcrumb"},"inLanguage":"es","potentialAction":[{"@type":"ReadAction","target":["https:\/\/readyviajes.com\/cookies-policy\/"]}]},{"@type":"BreadcrumbList","@id":"https:\/\/readyviajes.com\/cookies-policy\/#breadcrumb","itemListElement":[{"@type":"ListItem","position":1,"name":"Portada","item":"https:\/\/readyviajes.com\/"},{"@type":"ListItem","position":2,"name":"Pol\u00edtica de Cookies"}]},{"@type":"WebSite","@id":"https:\/\/readyviajes.com\/#website","url":"https:\/\/readyviajes.com\/","name":"Ready Viajes","description":"","publisher":{"@id":"https:\/\/readyviajes.com\/#organization"},"potentialAction":[{"@type":"SearchAction","target":{"@type":"EntryPoint","urlTemplate":"https:\/\/readyviajes.com\/?s={search_term_string}"},"query-input":{"@type":"PropertyValueSpecification","valueRequired":true,"valueName":"search_term_string"}}],"inLanguage":"es"},{"@type":"Organization","@id":"https:\/\/readyviajes.com\/#organization","name":"Ready Viajes","url":"https:\/\/readyviajes.com\/","logo":{"@type":"ImageObject","inLanguage":"es","@id":"https:\/\/readyviajes.com\/#\/schema\/logo\/image\/","url":"https:\/\/readyviajes.com\/wp-content\/uploads\/2022\/12\/cropped-cropped-A-66405_UPS_RB_6-3-3.jpg","contentUrl":"https:\/\/readyviajes.com\/wp-content\/uploads\/2022\/12\/cropped-cropped-A-66405_UPS_RB_6-3-3.jpg","width":1076,"height":704,"caption":"Ready Viajes"},"image":{"@id":"https:\/\/readyviajes.com\/#\/schema\/logo\/image\/"},"sameAs":["https:\/\/www.facebook.com\/readyviajes","https:\/\/www.instagram.com\/readyviajes\/"]}]}},"_links":{"self":[{"href":"https:\/\/readyviajes.com\/es\/wp-json\/wp\/v2\/pages\/420","targetHints":{"allow":["GET"]}}],"collection":[{"href":"https:\/\/readyviajes.com\/es\/wp-json\/wp\/v2\/pages"}],"about":[{"href":"https:\/\/readyviajes.com\/es\/wp-json\/wp\/v2\/types\/page"}],"author":[{"embeddable":true,"href":"https:\/\/readyviajes.com\/es\/wp-json\/wp\/v2\/users\/1"}],"replies":[{"embeddable":true,"href":"https:\/\/readyviajes.com\/es\/wp-json\/wp\/v2\/comments?post=420"}],"version-history":[{"count":1,"href":"https:\/\/readyviajes.com\/es\/wp-json\/wp\/v2\/pages\/420\/revisions"}],"predecessor-version":[{"id":2856,"href":"https:\/\/readyviajes.com\/es\/wp-json\/wp\/v2\/pages\/420\/revisions\/2856"}],"wp:attachment":[{"href":"https:\/\/readyviajes.com\/es\/wp-json\/wp\/v2\/media?parent=420"}],"curies":[{"name":"wp","href":"https:\/\/api.w.org\/{rel}","templated":true}]}}